{"id":164,"date":"2023-11-14T06:57:35","date_gmt":"2023-11-14T06:57:35","guid":{"rendered":"https:\/\/aboutgoodpeople.dk\/contact\/"},"modified":"2023-12-01T12:47:47","modified_gmt":"2023-12-01T12:47:47","slug":"contact","status":"publish","type":"page","link":"https:\/\/aboutgoodpeople.dk\/da\/contact\/","title":{"rendered":"Kontakt"},"content":{"rendered":"\n<div style=\"background-color:#000000;padding-left:10%;padding-right:10%;padding-top:30%\" class=\"wp-block-genesis-blocks-gb-container alignfull contact_content row_container gb-block-container\"><div class=\"gb-container-inside\"><div class=\"gb-container-content\" style=\"max-width:1366px\">\n<div class=\"wp-block-columns is-layout-flex wp-container-core-columns-is-layout-9d6595d7 wp-block-columns-is-layout-flex\">\n<div class=\"wp-block-column col_txt is-layout-flow wp-block-column-is-layout-flow\" style=\"flex-basis:60%\">\n<p class=\"tag has-text-color\" style=\"color:#fffef9;font-size:25px;font-style:normal;font-weight:400\">Tina Christensen<\/p>\n\n\n\n<h1 class=\"wp-block-heading has-text-color\" style=\"color:#fffef9;font-size:4.3rem;font-style:normal;font-weight:300\">Get in touch with us<\/h1>\n\n\n\n<p class=\"has-text-color has-large-font-size\" style=\"color:#707070;font-style:normal;font-weight:400\">Uanset hvilken leder udfordring du st\u00e5r med, vil mine erfaringer med ledelse og coaching v\u00e6re v\u00e6rdifulde for dig i de udfordringer du st\u00e5r overfor.<\/p>\n\n\n\n<p class=\"has-text-color has-large-font-size\" style=\"color:#707070;font-style:normal;font-weight:400\">Alle udfordringer kan l\u00f8ses og med sk\u00e6ddersyede forl\u00f8b til lige netop de specifikke udfordringer du st\u00e5r overfor, f\u00e5r vi sammen skabt klarhed, autoritet og energi til det n\u00e6ste ryk fremad.<\/p>\n<\/div>\n\n\n\n<div class=\"wp-block-column col_img is-layout-flow wp-block-column-is-layout-flow\" style=\"flex-basis:40%\">\n<figure class=\"wp-block-image size-large\"><img loading=\"lazy\" decoding=\"async\" width=\"735\" height=\"1024\" src=\"https:\/\/devagoodpeople.wpenginepowered.com\/wp-content\/uploads\/2023\/11\/AGP_Tina-735x1024.webp\" alt=\"\" class=\"wp-image-48\" srcset=\"https:\/\/aboutgoodpeople.dk\/wp-content\/uploads\/2023\/11\/AGP_Tina-735x1024.webp 735w, https:\/\/aboutgoodpeople.dk\/wp-content\/uploads\/2023\/11\/AGP_Tina-215x300.webp 215w, https:\/\/aboutgoodpeople.dk\/wp-content\/uploads\/2023\/11\/AGP_Tina-768x1071.webp 768w, https:\/\/aboutgoodpeople.dk\/wp-content\/uploads\/2023\/11\/AGP_Tina-1102x1536.webp 1102w, https:\/\/aboutgoodpeople.dk\/wp-content\/uploads\/2023\/11\/AGP_Tina-1469x2048.webp 1469w, https:\/\/aboutgoodpeople.dk\/wp-content\/uploads\/2023\/11\/AGP_Tina.webp 1614w\" sizes=\"auto, (max-width: 735px) 100vw, 735px\" \/><\/figure>\n<\/div>\n<\/div>\n<\/div><\/div><\/div>\n","protected":false},"excerpt":{"rendered":"","protected":false},"author":4,"featured_media":0,"parent":0,"menu_order":0,"comment_status":"closed","ping_status":"closed","template":"","meta":{"_genesis_hide_title":false,"_genesis_hide_breadcrumbs":false,"_genesis_hide_singular_image":false,"_genesis_hide_footer_widgets":false,"_genesis_custom_body_class":"","_genesis_custom_post_class":"","_genesis_layout":"","footnotes":""},"class_list":{"0":"post-164","1":"page","2":"type-page","3":"status-publish","5":"entry"},"featured_image_src":null,"featured_image_src_square":null,"_links":{"self":[{"href":"https:\/\/aboutgoodpeople.dk\/da\/wp-json\/wp\/v2\/pages\/164","targetHints":{"allow":["GET"]}}],"collection":[{"href":"https:\/\/aboutgoodpeople.dk\/da\/wp-json\/wp\/v2\/pages"}],"about":[{"href":"https:\/\/aboutgoodpeople.dk\/da\/wp-json\/wp\/v2\/types\/page"}],"author":[{"embeddable":true,"href":"https:\/\/aboutgoodpeople.dk\/da\/wp-json\/wp\/v2\/users\/4"}],"replies":[{"embeddable":true,"href":"https:\/\/aboutgoodpeople.dk\/da\/wp-json\/wp\/v2\/comments?post=164"}],"version-history":[{"count":0,"href":"https:\/\/aboutgoodpeople.dk\/da\/wp-json\/wp\/v2\/pages\/164\/revisions"}],"wp:attachment":[{"href":"https:\/\/aboutgoodpeople.dk\/da\/wp-json\/wp\/v2\/media?parent=164"}],"curies":[{"name":"wp","href":"https:\/\/api.w.org\/{rel}","templated":true}]}}