{"id":160,"date":"2023-11-16T12:41:15","date_gmt":"2023-11-16T12:41:15","guid":{"rendered":"https:\/\/aboutgoodpeople.dk\/mental-clarity\/"},"modified":"2023-12-08T08:17:02","modified_gmt":"2023-12-08T08:17:02","slug":"mental-clarity","status":"publish","type":"page","link":"https:\/\/aboutgoodpeople.dk\/da\/mental-clarity\/","title":{"rendered":"Mentale sundheds samtaler med medarbejdere"},"content":{"rendered":"\n<div style=\"background-color:#000000;padding-left:10%;padding-right:10%;padding-bottom:15%;padding-top:30%\" class=\"wp-block-genesis-blocks-gb-container alignfull subpage-hero-section row_container gb-block-container\"><div class=\"gb-container-inside\"><div class=\"gb-container-image-wrap\"><img decoding=\"async\" class=\"gb-container-image has-background-dim-60 has-background-dim\" src=\"https:\/\/aboutgoodpeople.dk\/wp-content\/uploads\/2023\/11\/i6O1CJL5.webp\" alt=\"\"\/><\/div><div class=\"gb-container-content\" style=\"max-width:1366px\">\n<p class=\"tag has-text-color\" style=\"color:#ffffff;font-size:25px\">Tina Christensen<\/p>\n\n\n\n<h1 class=\"wp-block-heading has-text-color\" style=\"color:#fffef9;font-size:4.3rem;font-style:normal;font-weight:300\">Mentale sundheds samtaler <br>med medarbejdere<\/h1>\n<\/div><\/div><\/div>\n\n\n\n<div style=\"background-color:#fffef9;padding-left:10%;padding-right:10%;padding-bottom:5%;padding-top:5%\" class=\"wp-block-genesis-blocks-gb-container alignfull intro_txt_layout row_container gb-block-container\"><div class=\"gb-container-inside\"><div class=\"gb-container-content\" style=\"max-width:1366px\">\n<div class=\"wp-block-columns is-layout-flex wp-container-core-columns-is-layout-9d6595d7 wp-block-columns-is-layout-flex\">\n<div class=\"wp-block-column col_txt is-layout-flow wp-block-column-is-layout-flow\" style=\"flex-basis:80%\">\n<div class=\"wp-block-group text_intro\"><div class=\"wp-block-group__inner-container is-layout-constrained wp-block-group-is-layout-constrained\">\n<p class=\"has-text-color\" style=\"color:#707070;font-size:16px\"><em>Program om mentale sundheds samtaler med medarbejdere<\/em><\/p>\n\n\n\n<p class=\"has-text-color\" style=\"color:#707070;font-size:16px\">Det, jeg ofte h\u00f8rer fra ledere, er, at de er mere involverede og engagerede i dybe samtaler om mental sundhed med deres medarbejdere og teams. De engagerer sig med de bedste intentioner, selvom de ofte f\u00f8ler sig uden for deres komfortzone og er ofte overv\u00e6ldede af det personlige engagement med deres medarbejdere.<\/p>\n\n\n\n<p class=\"has-text-color\" style=\"color:#707070;font-size:16px\">Samtaler om mental sundhed er ofte et f\u00e6lles ansvar mellem HR og lederne. Som leder har du fordelen ved at have et tillidsfuldt forhold til dit team og dine medarbejdere, og dermed tilbyde s\u00e6rlige trygge rammer for samtaler om mental sundhed. Da konsekvenserne af en medarbejder, der er br\u00e6ndt ud, ofte er betydelige b\u00e5de for den enkelte, for teamet, for dig som deres leder og for virksomheden, vil du ofte opleve at blive meget involveret og investere meget af din tid og kr\u00e6fter p\u00e5 at l\u00f8se problemerne.<\/p>\n\n\n\n<p class=\"has-text-color\" style=\"color:#707070;font-size:16px\">Som leder har du de bedste intentioner om at hj\u00e6lpe og st\u00f8tte dine medarbejdere, og vi vil sammen udforske, hvordan du bedst navigerer, n\u00e5r arbejdspladsen bliver pr\u00e6get af samtaler om personlige emner som ligger udenfor de normale rammer for engagement med dine medarbejdere. Programmet vil styrke din ledelseskapacitet, og hj\u00e6lpe dig n\u00e5r du m\u00f8des af de negative tanker og energier, der kan komme fra medarbejdere under personligt pres. Vi vil sammen udforske, hvordan du kan hj\u00e6lpe en medarbejder og samtidig v\u00e6re afbalanceret og produktiv over for resten af teamet og virksomheden.<\/p>\n<\/div><\/div>\n\n\n\n<h2 class=\"wp-block-heading has-text-color\" style=\"color:#707070;font-size:2.5rem;font-style:normal;font-weight:300\">Programmet om samtaler om mental sundhed er relevant, n\u00e5r:<\/h2>\n\n\n\n<ul class=\"cstm_list has-text-color wp-block-list\" style=\"color:#707070\">\n<li>Du har behov for at forventningsafstemme din rolle som leder: Som leder forventes det ikke, at du fungerer som terapeut; det handler mere om at v\u00e6re en st\u00f8ttende og betroet kontakt, som kan hj\u00e6lpe med at reflektere og se situationen fra et st\u00f8rre perspektiv<\/li>\n\n\n\n<li>Du er uvant og usikker p\u00e5 din rolle som leder i samtaler om mental sundhed, og du \u00f8nsker at udvide din v\u00e6rkt\u00f8jskasse til at navigere i s\u00e5danne samtaler.<\/li>\n\n\n\n<li>Du \u00f8nsker at st\u00f8tte dit team og medarbejdere i at \u00f8ge deres bevidsthed om h\u00e5ndtering af f\u00f8lelser og adf\u00e6rd, som p\u00e5virker dem selv og teamet negativt<\/li>\n\n\n\n<li>Du \u00f8nsker at styrke din egen robusthed i samtaler om mental sundhed og opretholde en god balance mellem empati og medf\u00f8lelse, samtidig med at du fastholder dit ledelsesrum til at lede teamet og virksomheden.<\/li>\n<\/ul>\n<\/div>\n\n\n\n<div class=\"wp-block-column is-layout-flow wp-block-column-is-layout-flow\" style=\"flex-basis:25%\"><\/div>\n<\/div>\n<\/div><\/div><\/div>\n\n\n\n<div style=\"background-color:#ca5c23;padding-left:10%;padding-right:10%;padding-bottom:3%;padding-top:5%\" class=\"wp-block-genesis-blocks-gb-container alignfull row_container fullpage_bar gb-block-container\"><div class=\"gb-container-inside\"><div class=\"gb-container-content\" style=\"max-width:1366px\">\n<p class=\"has-text-color\" style=\"color:#fffef9;font-size:22px\">&#8220;At blive bedre til at navigere i samtaler om mental sundhed med dine medarbejdere og hj\u00e6lpe medarbejdere med at h\u00e5ndtere f\u00f8lelsesm\u00e6ssige belastninger og negativ adf\u00e6rd, vil styrke jeres arbejdskultur og i sidste ende jeres virksomhed.&#8221;<\/p>\n<\/div><\/div><\/div>\n\n\n\n<div style=\"background-color:#faede2;padding-left:10%;padding-right:10%;padding-bottom:5%;padding-top:5%\" class=\"wp-block-genesis-blocks-gb-container alignfull img_txt_layout img_right img_35 row_container gb-block-container\"><div class=\"gb-container-inside\"><div class=\"gb-container-image-wrap\"><img decoding=\"async\" class=\"gb-container-image has-background-dim-100 has-background-dim\" src=\"https:\/\/aboutgoodpeople.dk\/wp-content\/uploads\/2023\/11\/DGP_TINA_02_169@3x.webp\" alt=\"\"\/><\/div><div class=\"gb-container-content\" style=\"max-width:1366px\">\n<div class=\"wp-block-columns is-layout-flex wp-container-core-columns-is-layout-9d6595d7 wp-block-columns-is-layout-flex\">\n<div class=\"wp-block-column is-vertically-aligned-center col_txt has-background is-layout-flow wp-block-column-is-layout-flow\" style=\"background-color:#faede2;flex-basis:66.66%\">\n<h3 class=\"wp-block-heading has-text-color\" style=\"color:#707070;font-size:2.5rem;font-style:normal;font-weight:300\">Shall I help you further?<\/h3>\n\n\n\n<p class=\"has-text-color has-large-font-size\" style=\"color:#707070;font-style:normal;font-weight:400\">Are you ready to take the next step in your leadership challenges, or would you like to know more, you are welcome to contact me and have a non-binding chat about how we can help you and your team achieve your goals and dreams.<\/p>\n\n\n\n<p class=\"has-text-color has-large-font-size\" style=\"color:#707070;font-style:normal;font-weight:500\">With kind regards and fruitful wishes<br>Tina Chistensen<\/p>\n\n\n\n<div class=\"wp-block-buttons is-layout-flex wp-block-buttons-is-layout-flex\">\n<div class=\"wp-block-button has-custom-font-size is-style-outline is-style-outline--1\" style=\"font-size:14px;text-transform:uppercase\"><a class=\"wp-block-button__link has-text-color wp-element-button\" href=\"\/contact\" style=\"border-radius:0px;color:#ca5d23\">contact<\/a><\/div>\n<\/div>\n<\/div>\n\n\n\n<div class=\"wp-block-column col_img is-layout-flow wp-block-column-is-layout-flow\" style=\"flex-basis:33.33%\"><\/div>\n<\/div>\n<\/div><\/div><\/div>\n","protected":false},"excerpt":{"rendered":"","protected":false},"author":4,"featured_media":0,"parent":0,"menu_order":0,"comment_status":"closed","ping_status":"closed","template":"","meta":{"_genesis_hide_title":false,"_genesis_hide_breadcrumbs":false,"_genesis_hide_singular_image":false,"_genesis_hide_footer_widgets":false,"_genesis_custom_body_class":"","_genesis_custom_post_class":"","_genesis_layout":"","footnotes":""},"class_list":{"0":"post-160","1":"page","2":"type-page","3":"status-publish","5":"entry"},"featured_image_src":null,"featured_image_src_square":null,"_links":{"self":[{"href":"https:\/\/aboutgoodpeople.dk\/da\/wp-json\/wp\/v2\/pages\/160","targetHints":{"allow":["GET"]}}],"collection":[{"href":"https:\/\/aboutgoodpeople.dk\/da\/wp-json\/wp\/v2\/pages"}],"about":[{"href":"https:\/\/aboutgoodpeople.dk\/da\/wp-json\/wp\/v2\/types\/page"}],"author":[{"embeddable":true,"href":"https:\/\/aboutgoodpeople.dk\/da\/wp-json\/wp\/v2\/users\/4"}],"replies":[{"embeddable":true,"href":"https:\/\/aboutgoodpeople.dk\/da\/wp-json\/wp\/v2\/comments?post=160"}],"version-history":[{"count":0,"href":"https:\/\/aboutgoodpeople.dk\/da\/wp-json\/wp\/v2\/pages\/160\/revisions"}],"wp:attachment":[{"href":"https:\/\/aboutgoodpeople.dk\/da\/wp-json\/wp\/v2\/media?parent=160"}],"curies":[{"name":"wp","href":"https:\/\/api.w.org\/{rel}","templated":true}]}}