{"id":156,"date":"2023-11-16T12:48:33","date_gmt":"2023-11-16T12:48:33","guid":{"rendered":"https:\/\/aboutgoodpeople.dk\/group-sessions\/"},"modified":"2023-12-08T08:17:06","modified_gmt":"2023-12-08T08:17:06","slug":"group-sessions","status":"publish","type":"page","link":"https:\/\/aboutgoodpeople.dk\/da\/group-sessions\/","title":{"rendered":"Gruppe sessions"},"content":{"rendered":"\n<div style=\"background-color:#000000;padding-left:10%;padding-right:10%;padding-bottom:15%;padding-top:30%\" class=\"wp-block-genesis-blocks-gb-container alignfull subpage-hero-section row_container gb-block-container\"><div class=\"gb-container-inside\"><div class=\"gb-container-image-wrap\"><img decoding=\"async\" class=\"gb-container-image has-background-dim-60 has-background-dim\" src=\"https:\/\/agoodpeople.wpenginepowered.com\/wp-content\/uploads\/2023\/11\/i6O1CJL5.webp\" alt=\"\"\/><\/div><div class=\"gb-container-content\" style=\"max-width:1366px\">\n<p class=\"tag has-text-color\" style=\"color:#ffffff;font-size:25px\">Tina Christensen<\/p>\n\n\n\n<h1 class=\"wp-block-heading has-text-color\" style=\"color:#fffef9;font-size:4.3rem;font-style:normal;font-weight:300\">Gruppe <br>Sessions<\/h1>\n<\/div><\/div><\/div>\n\n\n\n<div style=\"background-color:#fffef9;padding-left:10%;padding-right:10%;padding-bottom:5%;padding-top:5%\" class=\"wp-block-genesis-blocks-gb-container alignfull intro_txt_layout row_container gb-block-container\"><div class=\"gb-container-inside\"><div class=\"gb-container-content\" style=\"max-width:1366px\">\n<div class=\"wp-block-columns is-layout-flex wp-container-core-columns-is-layout-9d6595d7 wp-block-columns-is-layout-flex\">\n<div class=\"wp-block-column col_txt is-layout-flow wp-block-column-is-layout-flow\" style=\"flex-basis:80%\">\n<div class=\"wp-block-group text_intro\"><div class=\"wp-block-group__inner-container is-layout-constrained wp-block-group-is-layout-constrained\">\n<p class=\"has-text-color has-large-font-size\" style=\"color:#707070\">Udforsk din gruppes fulde potentiale med Conscious Group Coaching programmet<\/p>\n<\/div><\/div>\n\n\n\n<h2 class=\"wp-block-heading has-text-color\" style=\"color:#707070;font-size:2.5rem;font-style:normal;font-weight:300\">Med Conscious Group Coaching, vil din gruppe lede og inspirere hinanden og deres faglige agenda med overskud og smidighed:<\/h2>\n\n\n\n<ul class=\"cstm_list has-text-color wp-block-list\" style=\"color:#707070\">\n<li>Du\/I opn\u00e5r en dybere forst\u00e5else for nuancerne i gruppen med gensidig respekt og empati<\/li>\n\n\n\n<li>Du\/I opn\u00e5r en dybere forst\u00e5else smidig og effektive kommunikationsformer<\/li>\n\n\n\n<li>Du\/I opn\u00e5r indsigt i gruppens talenter, styrker og udviklingsomr\u00e5der<\/li>\n<\/ul>\n\n\n\n<h2 class=\"wp-block-heading has-text-color\" style=\"color:#707070;font-size:2.5rem;font-style:normal;font-weight:300\">Gruppecoaching er relevant for jer som:<\/h2>\n\n\n\n<ul class=\"cstm_list has-text-color wp-block-list\" style=\"color:#707070;font-size:16px\">\n<li>Oplever v\u00e6sentlige strategi- og organisations\u00e6ndringer finder sted i virksomheden<\/li>\n\n\n\n<li>Oplever strukturelle \u00e6ndringer som feks fusion eller sammenl\u00e6gning af virksomheder og afdelinger<\/li>\n\n\n\n<li>Skal etablere en ny gruppe eller introducere ny leder<\/li>\n\n\n\n<li>\u00d8nsker at l\u00f8fte en st\u00e6rk gruppe til n\u00e6ste niveau eller som st\u00e5r overfor nye forretningsudfordringer<\/li>\n\n\n\n<li>\u00d8nsker at igangs\u00e6tte forandringer og \u00f8ge jeres agilitet<\/li>\n\n\n\n<li>Oplever samarbejdsvanskeligheder og begr\u00e6nsende handlings- og tankem\u00f8nstre i gruppen<\/li>\n\n\n\n<li>\u00d8nsker at forbedre relationer og forbindelser inden- og udenfor gruppen<\/li>\n<\/ul>\n\n\n\n<p class=\"has-text-color\" style=\"color:#707070;font-size:16px\">Alle grupper er unikke:<\/p>\n\n\n\n<p class=\"has-text-color\" style=\"color:#707070;font-size:16px\">Programmerne tilpasses dynamikken i hver enkelt gruppe &#8211; ingen grupper er identiske.. Gennem sessioner og samtaler vil vi sammen identificere personlige og gruppe-styrker, talenter og udviklingsomr\u00e5der med det form\u00e5l at adressere kommunikationsformer, probleml\u00f8sning, beslutningstagen samt hvordan gruppen skaber resultater. Sammen udforsker vi jeres behov, udfordringer og visioner og skr\u00e6ddersyr et gruppeprogram, der er designet til at tackle de omr\u00e5der, I \u00f8nsker at forbedre i gruppen.<\/p>\n\n\n\n<p class=\"has-text-color\" style=\"color:#707070;font-size:16px\">Programmer kan v\u00e6re en gruppe-workshop, en sekvens af gruppesessioner eller en kombination af begge dele. Nogle grupper foretr\u00e6kker en kombination af gruppesession\/workshop med individuelle session(er).<\/p>\n\n\n\n<p class=\"has-text-color\" style=\"color:#707070;font-size:16px\">Enneagrammet som v\u00e6rkt\u00f8j til gruppecoaching<\/p>\n\n\n\n<p class=\"has-text-color\" style=\"color:#707070;font-size:16px\">Jeg vil inkludere Enneagram-rammen og tilh\u00f8rende tests i vores samtaler og gruppesessioner.<\/p>\n\n\n\n<p class=\"has-text-color\" style=\"color:#707070;font-size:16px\">Det indeholder indsigter, teori og modeller, der er yderst relevante for moderne ledelses milj\u00f8er og udvikling indenfor teamrelationer, robusthed og indflydelse.<\/p>\n\n\n\n<p class=\"has-text-color\" style=\"color:#707070;font-size:16px\">Enneagrammet giver mulighed \u00e5bne og konstruktive dialoger inden for moderne ledelse, der omfavner mangfoldighed og f\u00e6lles ansvar for at opn\u00e5 positive resultater.<\/p>\n<\/div>\n\n\n\n<div class=\"wp-block-column is-layout-flow wp-block-column-is-layout-flow\" style=\"flex-basis:25%\"><\/div>\n<\/div>\n<\/div><\/div><\/div>\n\n\n\n<div style=\"background-color:#ca5c23;padding-left:10%;padding-right:10%;padding-bottom:3%;padding-top:5%\" class=\"wp-block-genesis-blocks-gb-container alignfull row_container  fullpage_bar gb-block-container\"><div class=\"gb-container-inside\"><div class=\"gb-container-content\" style=\"max-width:1366px\">\n<p class=\"has-text-color\" style=\"color:#fffef9;font-size:22px\"><em>Gruppecoaching Programmet motiverer jer til at v\u00e6re l\u00e6rende og handlende individer, frem for blot at v\u00e6re vidende.<\/em><\/p>\n<\/div><\/div><\/div>\n\n\n\n<div style=\"background-color:#faede2;padding-left:10%;padding-right:10%;padding-bottom:5%;padding-top:5%\" class=\"wp-block-genesis-blocks-gb-container alignfull img_txt_layout img_right img_35 row_container gb-block-container\"><div class=\"gb-container-inside\"><div class=\"gb-container-image-wrap\"><img decoding=\"async\" class=\"gb-container-image has-background-dim-100 has-background-dim\" src=\"https:\/\/aboutgoodpeople.dk\/wp-content\/uploads\/2023\/11\/DGP_TINA_02_169@3x.webp\" alt=\"\"\/><\/div><div class=\"gb-container-content\" style=\"max-width:1366px\">\n<div class=\"wp-block-columns is-layout-flex wp-container-core-columns-is-layout-9d6595d7 wp-block-columns-is-layout-flex\">\n<div class=\"wp-block-column is-vertically-aligned-center col_txt has-background is-layout-flow wp-block-column-is-layout-flow\" style=\"background-color:#faede2;flex-basis:66.66%\">\n<h3 class=\"wp-block-heading has-text-color\" style=\"color:#707070;font-size:2.5rem;font-style:normal;font-weight:300\">Shall I help you further?<\/h3>\n\n\n\n<p class=\"has-text-color has-large-font-size\" style=\"color:#707070;font-style:normal;font-weight:400\">Are you ready to take the next step in your leadership challenges, or would you like to know more, you are welcome to contact me and have a non-binding chat about how we can help you and your team achieve your goals and dreams.<\/p>\n\n\n\n<p class=\"has-text-color has-large-font-size\" style=\"color:#707070;font-style:normal;font-weight:500\">With kind regards and fruitful wishes<br>Tina Chistensen<\/p>\n\n\n\n<div class=\"wp-block-buttons is-layout-flex wp-block-buttons-is-layout-flex\">\n<div class=\"wp-block-button has-custom-font-size is-style-outline is-style-outline--1\" style=\"font-size:14px;text-transform:uppercase\"><a class=\"wp-block-button__link has-text-color wp-element-button\" href=\"\/contact\" style=\"border-radius:0px;color:#ca5d23\">contact<\/a><\/div>\n<\/div>\n<\/div>\n\n\n\n<div class=\"wp-block-column col_img is-layout-flow wp-block-column-is-layout-flow\" style=\"flex-basis:33.33%\"><\/div>\n<\/div>\n<\/div><\/div><\/div>\n","protected":false},"excerpt":{"rendered":"","protected":false},"author":1,"featured_media":0,"parent":0,"menu_order":0,"comment_status":"closed","ping_status":"closed","template":"","meta":{"_genesis_hide_title":false,"_genesis_hide_breadcrumbs":false,"_genesis_hide_singular_image":false,"_genesis_hide_footer_widgets":false,"_genesis_custom_body_class":"","_genesis_custom_post_class":"","_genesis_layout":"","footnotes":""},"class_list":{"0":"post-156","1":"page","2":"type-page","3":"status-publish","5":"entry"},"featured_image_src":null,"featured_image_src_square":null,"_links":{"self":[{"href":"https:\/\/aboutgoodpeople.dk\/da\/wp-json\/wp\/v2\/pages\/156","targetHints":{"allow":["GET"]}}],"collection":[{"href":"https:\/\/aboutgoodpeople.dk\/da\/wp-json\/wp\/v2\/pages"}],"about":[{"href":"https:\/\/aboutgoodpeople.dk\/da\/wp-json\/wp\/v2\/types\/page"}],"author":[{"embeddable":true,"href":"https:\/\/aboutgoodpeople.dk\/da\/wp-json\/wp\/v2\/users\/1"}],"replies":[{"embeddable":true,"href":"https:\/\/aboutgoodpeople.dk\/da\/wp-json\/wp\/v2\/comments?post=156"}],"version-history":[{"count":0,"href":"https:\/\/aboutgoodpeople.dk\/da\/wp-json\/wp\/v2\/pages\/156\/revisions"}],"wp:attachment":[{"href":"https:\/\/aboutgoodpeople.dk\/da\/wp-json\/wp\/v2\/media?parent=156"}],"curies":[{"name":"wp","href":"https:\/\/api.w.org\/{rel}","templated":true}]}}