{"id":154,"date":"2023-12-01T09:23:44","date_gmt":"2023-12-01T09:23:44","guid":{"rendered":"https:\/\/aboutgoodpeople.dk\/individual-coaching\/"},"modified":"2023-12-08T12:32:39","modified_gmt":"2023-12-08T12:32:39","slug":"individual-coaching","status":"publish","type":"page","link":"https:\/\/aboutgoodpeople.dk\/da\/individual-coaching\/","title":{"rendered":"Individuelle sessions"},"content":{"rendered":"\n<div style=\"background-color:#000000;padding-left:10%;padding-right:10%;padding-bottom:15%;padding-top:30%\" class=\"wp-block-genesis-blocks-gb-container alignfull subpage-hero-section row_container gb-block-container\"><div class=\"gb-container-inside\"><div class=\"gb-container-image-wrap\"><img decoding=\"async\" class=\"gb-container-image has-background-dim\" object-fit=\"cover\"  src=\"https:\/\/aboutgoodpeople.dk\/wp-content\/uploads\/2023\/12\/individual-sessions-hero.webp\" alt=\"\"\/><\/div><div class=\"gb-container-content\" style=\"max-width:1366px\">\n<p class=\"tag has-text-color\" style=\"color:#ffffff;font-size:25px\">Tina Christensen<\/p>\n\n\n\n<h1 class=\"wp-block-heading has-text-color\" style=\"color:#fffef9;font-size:4.3rem;font-style:normal;font-weight:300\">Individuelle <br>sessions<\/h1>\n<\/div><\/div><\/div>\n\n\n\n<div style=\"background-color:#fffef9;padding-left:10%;padding-right:10%;padding-bottom:5%;padding-top:5%\" class=\"wp-block-genesis-blocks-gb-container alignfull intro_txt_layout row_container gb-block-container\"><div class=\"gb-container-inside\"><div class=\"gb-container-content\" style=\"max-width:1366px\">\n<div class=\"wp-block-columns is-layout-flex wp-container-core-columns-is-layout-9d6595d7 wp-block-columns-is-layout-flex\">\n<div class=\"wp-block-column is-layout-flow wp-block-column-is-layout-flow\" style=\"flex-basis:55%\">\n<h2 class=\"wp-block-heading pt-0 has-text-color\" style=\"color:#707070;font-size:2.5rem;font-style:normal;font-weight:300\">Udforsk dine talenter med Executive Conscious Coaching<\/h2>\n\n\n\n<p class=\"has-text-color has-large-font-size\" style=\"color:#707070;font-style:normal;font-weight:400\">Executive Conscious Coaching er en personlig samtale r\u00e6kke, der henvender sig til ledere, direkt\u00f8rer, entrepren\u00f8rer og medarbejdere. Det er et program designet til at h\u00e5ndtere forandringer og udfordringer mere hensigtsm\u00e6ssigt. Det er designet til at give nye perspektiver til r\u00e5dighed og \u00f8ge evnen til at skabe positive resultater for dig selv og andre omkring dig.<\/p>\n\n\n\n<p class=\"has-text-color\" style=\"color:#707070;font-size:16px;font-style:normal;font-weight:400\">Executive Conscious Coaching udforsker din tankegang og adf\u00e6rd. Den bidrager til din udvikling og st\u00f8tter dig i at v\u00e6re den mest autentiske og karismatiske version af dig selv.<\/p>\n\n\n\n<p class=\"has-text-color\" style=\"color:#707070;font-size:16px;font-style:normal;font-weight:400\">Forl\u00f8bet skaber uhindret adgang til dine talenter og potentialer og arbejder med blind spots, blokeringer og begr\u00e6nsede perspektiver, der distraherer eller underminerer din styrke og balance i livet.<\/p>\n\n\n\n<h2 class=\"wp-block-heading has-text-color\" style=\"color:#707070;font-size:2.5rem;font-style:normal;font-weight:300\">Executive Conscious Coaching er relevant n\u00e5r:<\/h2>\n\n\n\n<ul class=\"has-text-color wp-block-list\" style=\"color:#707070;font-size:16px\">\n<li>Du \u00f8nsker at mestre din personlige power og karisma endnu bedre<\/li>\n\n\n\n<li>Du er nysgerrig omkring hvordan du bliver mere autentisk, balanceret og robust<\/li>\n\n\n\n<li>Du \u00f8nsker en h\u00f8jere bevidsthed om etablering og udfoldelsen af dine relationer og netv\u00e6rk<\/li>\n\n\n\n<li>Du \u00f8nsker at udforske dine personlige blokeringer\/forhindringer og erstatte uhensigtsm\u00e6ssige tanke- og handlingsm\u00f8nstre med positive<\/li>\n\n\n\n<li>Du \u00f8nsker at udforske din tanke- og handlings retorik under pres og h\u00e5ndtere udfordringer med st\u00f8rre overskud, empati og beslutsomhed<\/li>\n\n\n\n<li>Du \u00f8nsker at udforske og opn\u00e5 dybere indsigt i dine potentialer<\/li>\n<\/ul>\n\n\n\n<h2 class=\"wp-block-heading has-text-color\" style=\"color:#707070;font-size:2.5rem;font-style:normal;font-weight:300\">Executive Conscious coaching er for dig der oplever:<\/h2>\n\n\n\n<ul class=\"has-text-color wp-block-list\" style=\"color:#707070;font-size:16px\">\n<li>Horisontale skift p\u00e5 tv\u00e6rs af brancher og firmaer<\/li>\n\n\n\n<li>Vertikale skift p\u00e5 tv\u00e6rs af promotions\/demotions<\/li>\n\n\n\n<li>Opstart af egen virksomhed<\/li>\n\n\n\n<li>\u00c6ndringer i ejerkreds\/generationsskifte<\/li>\n\n\n\n<li>St\u00f8rre strategi eller organisations transformationer<\/li>\n\n\n\n<li>Skift i rollen som iv\u00e6rks\u00e6tter til aktiv ledelsesrolle<\/li>\n\n\n\n<li>Introduktion af ekstern CEO og bestyrelse<\/li>\n\n\n\n<li>Sammenl\u00e6gning af virksomheder eller afdelinger<\/li>\n<\/ul>\n\n\n\n<p class=\"has-text-color\" style=\"color:#707070;font-size:16px;font-style:normal;font-weight:400\">Gennem et Executive Conscious Coaching forl\u00f8b, forholder du dig til emner som karisma\/power, magt, konflikth\u00e5ndtering, kommunikationsstile og hvordan du skaber resultater. Du vil opleve at se dig selv, dine tanker og handlingsm\u00f8nstre samt problemstillingen fra flere vinkler. Vi vil sammen skabe st\u00f8rre bevidsthed og nye rammer, som g\u00f8r dig i stand til at overskue og h\u00e5ndtere flere handlingsstrategier.<\/p>\n<\/div>\n\n\n\n<div class=\"wp-block-column is-layout-flow wp-block-column-is-layout-flow\" style=\"flex-basis:45%\"><\/div>\n<\/div>\n<\/div><\/div><\/div>\n\n\n\n<div style=\"background-color:#ca5c23;padding-left:10%;padding-right:10%;padding-bottom:3%;padding-top:5%\" class=\"wp-block-genesis-blocks-gb-container alignfull row_container  fullpage_bar gb-block-container\"><div class=\"gb-container-inside\"><div class=\"gb-container-content\" style=\"max-width:1366px\">\n<p class=\"has-text-color\" style=\"color:#fffef9;font-size:22px\"><em>Bevidst Coaching Program tilskynder til et mindset og adf\u00e6rdsskifte i retning af at v\u00e6re l\u00e6rende og g\u00f8rere, i mods\u00e6tning til blot at v\u00e6re vidende.<\/em><\/p>\n<\/div><\/div><\/div>\n\n\n\n<div style=\"background-color:#faede2;padding-left:10%;padding-right:10%;padding-bottom:5%;padding-top:5%\" class=\"wp-block-genesis-blocks-gb-container alignfull img_txt_layout img_right img_35 row_container gb-block-container\"><div class=\"gb-container-inside\"><div class=\"gb-container-image-wrap\"><img decoding=\"async\" class=\"gb-container-image has-background-dim-100 has-background-dim\" src=\"https:\/\/aboutgoodpeople.dk\/wp-content\/uploads\/2023\/11\/DGP_TINA_02_169@3x.webp\" alt=\"\"\/><\/div><div class=\"gb-container-content\" style=\"max-width:1366px\">\n<div class=\"wp-block-columns is-layout-flex wp-container-core-columns-is-layout-9d6595d7 wp-block-columns-is-layout-flex\">\n<div class=\"wp-block-column is-vertically-aligned-center col_txt has-background is-layout-flow wp-block-column-is-layout-flow\" style=\"background-color:#faede2;flex-basis:66.66%\">\n<h3 class=\"wp-block-heading has-text-color\" style=\"color:#707070;font-size:2.5rem;font-style:normal;font-weight:300\">Shall I help you further?<\/h3>\n\n\n\n<p class=\"has-text-color has-large-font-size\" style=\"color:#707070;font-style:normal;font-weight:400\">Are you ready to take the next step in your leadership challenges, or would you like to know more, you are welcome to contact me and have a non-binding chat about how we can help you and your team achieve your goals and dreams.<\/p>\n\n\n\n<p class=\"has-text-color has-large-font-size\" style=\"color:#707070;font-style:normal;font-weight:500\">With kind regards and fruitful wishes<br>Tina Chistensen<\/p>\n\n\n\n<div class=\"wp-block-buttons is-layout-flex wp-block-buttons-is-layout-flex\">\n<div class=\"wp-block-button has-custom-font-size is-style-outline is-style-outline--1\" style=\"font-size:14px;text-transform:uppercase\"><a class=\"wp-block-button__link has-text-color wp-element-button\" href=\"\/contact\" style=\"border-radius:0px;color:#ca5d23\">contact<\/a><\/div>\n<\/div>\n<\/div>\n\n\n\n<div class=\"wp-block-column col_img is-layout-flow wp-block-column-is-layout-flow\" style=\"flex-basis:33.33%\"><\/div>\n<\/div>\n<\/div><\/div><\/div>\n","protected":false},"excerpt":{"rendered":"","protected":false},"author":1,"featured_media":0,"parent":0,"menu_order":0,"comment_status":"closed","ping_status":"closed","template":"","meta":{"_genesis_hide_title":false,"_genesis_hide_breadcrumbs":false,"_genesis_hide_singular_image":false,"_genesis_hide_footer_widgets":false,"_genesis_custom_body_class":"","_genesis_custom_post_class":"","_genesis_layout":"","footnotes":""},"class_list":{"0":"post-154","1":"page","2":"type-page","3":"status-publish","5":"entry"},"featured_image_src":null,"featured_image_src_square":null,"_links":{"self":[{"href":"https:\/\/aboutgoodpeople.dk\/da\/wp-json\/wp\/v2\/pages\/154","targetHints":{"allow":["GET"]}}],"collection":[{"href":"https:\/\/aboutgoodpeople.dk\/da\/wp-json\/wp\/v2\/pages"}],"about":[{"href":"https:\/\/aboutgoodpeople.dk\/da\/wp-json\/wp\/v2\/types\/page"}],"author":[{"embeddable":true,"href":"https:\/\/aboutgoodpeople.dk\/da\/wp-json\/wp\/v2\/users\/1"}],"replies":[{"embeddable":true,"href":"https:\/\/aboutgoodpeople.dk\/da\/wp-json\/wp\/v2\/comments?post=154"}],"version-history":[{"count":0,"href":"https:\/\/aboutgoodpeople.dk\/da\/wp-json\/wp\/v2\/pages\/154\/revisions"}],"wp:attachment":[{"href":"https:\/\/aboutgoodpeople.dk\/da\/wp-json\/wp\/v2\/media?parent=154"}],"curies":[{"name":"wp","href":"https:\/\/api.w.org\/{rel}","templated":true}]}}