{"id":143,"date":"2023-11-09T14:58:24","date_gmt":"2023-11-09T14:58:24","guid":{"rendered":"https:\/\/aboutgoodpeople.dk\/home\/"},"modified":"2023-12-01T11:21:46","modified_gmt":"2023-12-01T11:21:46","slug":"home","status":"publish","type":"page","link":"https:\/\/aboutgoodpeople.dk\/da\/","title":{"rendered":"Home"},"content":{"rendered":"\n<div style=\"padding-left:10%;padding-right:10%;padding-bottom:30%;padding-top:30%\" class=\"wp-block-genesis-blocks-gb-container alignfull home-hero-section row_container gb-block-container\"><div class=\"gb-container-inside\"><div class=\"gb-container-image-wrap\"><img decoding=\"async\" class=\"gb-container-image has-background-dim-100 has-background-dim\" src=\"https:\/\/aboutgoodpeople.dk\/wp-content\/uploads\/2023\/11\/home-hero-bg-scaled.webp\" alt=\"\"\/><\/div><div class=\"gb-container-content\" style=\"max-width:1366px\">\n<p class=\"tag has-text-color\" style=\"color:#fffef9;font-size:25px\">Tina Christensen<\/p>\n\n\n\n<h1 class=\"wp-block-heading has-text-color\" style=\"color:#fffef9;font-size:4.3rem;font-style:normal;font-weight:300\">Executive Coaching<br>in Real Life<\/h1>\n<\/div><\/div><\/div>\n\n\n\n<div style=\"padding-left:10%;padding-right:10%;padding-bottom:10%;padding-top:10%\" class=\"wp-block-genesis-blocks-gb-container alignfull img_txt_layout img_left row_container gb-block-container\"><div class=\"gb-container-inside\"><div class=\"gb-container-image-wrap\"><img decoding=\"async\" class=\"gb-container-image has-background-dim-100 has-background-dim\" src=\"https:\/\/aboutgoodpeople.dk\/wp-content\/uploads\/2023\/11\/000006780019@3x.webp\" alt=\"\"\/><\/div><div class=\"gb-container-content\" style=\"max-width:1366px\">\n<div class=\"wp-block-columns is-layout-flex wp-container-core-columns-is-layout-9d6595d7 wp-block-columns-is-layout-flex\">\n<div class=\"wp-block-column col_img is-layout-flow wp-block-column-is-layout-flow\" style=\"flex-basis:33.33%\"><\/div>\n\n\n\n<div class=\"wp-block-column is-vertically-aligned-center col_txt has-background is-layout-flow wp-block-column-is-layout-flow\" style=\"background-color:#fffef9;flex-basis:66.66%\">\n<h2 class=\"wp-block-heading has-text-color\" style=\"color:#000000;font-size:3.13rem;font-style:normal;font-weight:300\">Min vision med <br>about good people<\/h2>\n\n\n\n<p class=\"has-text-color has-normal-font-size\" style=\"color:#707070\">Begiv dig ud p\u00e5 en forandrings rejse med About Good People, et rum skabt for ledere og entrepren\u00f8rer.&nbsp;<\/p>\n\n\n\n<p class=\"has-text-color has-normal-font-size\" style=\"color:#707070\">Opdag, hvordan h\u00f8jere bevidsthed kan forvandle dig og din organisation og hvordan du kan navigere i livets transitioner med st\u00f8rre indsigt og klarhed. Omfavn overgange og forandringer som potentielle v\u00e6kst portaler, der udvider dit livssyn og dine perspektiver p\u00e5 ledelse.&nbsp;<\/p>\n\n\n\n<p class=\"has-text-color has-normal-font-size\" style=\"color:#707070\">Din rejse mod autentisk lederskab og personlig v\u00e6kst og balance starter her.<\/p>\n<\/div>\n<\/div>\n<\/div><\/div><\/div>\n\n\n\n<div style=\"background-color:#000000;padding-left:10%;padding-right:10%;padding-bottom:10%;padding-top:10%\" class=\"wp-block-genesis-blocks-gb-container alignfull img_txt_layout img_right img_45 row_container gb-block-container\"><div class=\"gb-container-inside\"><div class=\"gb-container-image-wrap\"><img decoding=\"async\" class=\"gb-container-image has-background-dim-100 has-background-dim\" src=\"https:\/\/aboutgoodpeople.dk\/wp-content\/uploads\/2023\/12\/artem-shuba-v6Q9aPoTWsY-unsplash@3x.webp\" alt=\"\"\/><\/div><div class=\"gb-container-content\" style=\"max-width:1366px\">\n<div class=\"wp-block-columns is-layout-flex wp-container-core-columns-is-layout-9d6595d7 wp-block-columns-is-layout-flex\">\n<div class=\"wp-block-column is-vertically-aligned-center col_txt has-background is-layout-flow wp-block-column-is-layout-flow\" style=\"background-color:#000000;flex-basis:60%\">\n<h3 class=\"wp-block-heading has-text-color\" style=\"color:#fffef9;font-size:2.5rem;font-style:normal;font-weight:300\">Hvad er Executive <br>Bevidstheds Coaching?<\/h3>\n\n\n\n<p class=\"has-text-color\" style=\"color:#fffef9;font-size:16px\">Executive Conscious Coaching er et skr\u00e6ddersyet program designet til ledere, direkt\u00f8rer og entrepren\u00f8rer, der \u00f8nsker at udforske og styrke deres karisma og autenticitet.&nbsp;<\/p>\n\n\n\n<p class=\"has-text-color\" style=\"color:#fffef9;font-size:16px\">Du vil blive inspireret til at udforske dig selv fra flere vinkler for derved at \u00f8ge din bevidsthed om dit fulde potentiale, hvordan du etablerer b\u00e6redygtige relationer og autentisk ledelse. Programmet er ideelt til at navigere gennem st\u00f8rre karriereskift, organisatoriske forandringer i dit job eller din virksomhed.<\/p>\n\n\n\n<div class=\"wp-block-buttons is-layout-flex wp-block-buttons-is-layout-flex\">\n<div class=\"wp-block-button has-custom-font-size is-style-outline is-style-outline--1\" style=\"font-size:14px\"><a class=\"wp-block-button__link has-text-color wp-element-button\" href=\"https:\/\/aboutgoodpeople.dk\/da\/executive-coaching\/\" style=\"border-radius:0px;color:#ca5d23\">L\u00e6s mere<\/a><\/div>\n<\/div>\n<\/div>\n\n\n\n<div class=\"wp-block-column col_img is-layout-flow wp-block-column-is-layout-flow\" style=\"flex-basis:40%\"><\/div>\n<\/div>\n<\/div><\/div><\/div>\n\n\n\n<div style=\"padding-left:10%;padding-right:10%;padding-bottom:10%;padding-top:10%\" class=\"wp-block-genesis-blocks-gb-container alignfull img_txt_layout img_left row_container gb-block-container\"><div class=\"gb-container-inside\"><div class=\"gb-container-image-wrap\"><img decoding=\"async\" class=\"gb-container-image has-background-dim-100 has-background-dim\" src=\"https:\/\/aboutgoodpeople.dk\/wp-content\/uploads\/2023\/11\/DGP_TINA_02_154@3x.webp\" alt=\"\"\/><\/div><div class=\"gb-container-content\" style=\"max-width:1366px\">\n<div class=\"wp-block-columns is-layout-flex wp-container-core-columns-is-layout-9d6595d7 wp-block-columns-is-layout-flex\">\n<div class=\"wp-block-column col_img is-layout-flow wp-block-column-is-layout-flow\" style=\"flex-basis:33.33%\"><\/div>\n\n\n\n<div class=\"wp-block-column is-vertically-aligned-center col_txt has-background is-layout-flow wp-block-column-is-layout-flow\" style=\"background-color:#fffef9;flex-basis:66.66%\">\n<h3 class=\"wp-block-heading has-text-color\" style=\"color:#707070;font-size:2.5rem;font-style:normal;font-weight:300\">Individuelle sessions<\/h3>\n\n\n\n<p class=\"has-text-color has-large-font-size\" style=\"color:#707070;line-height:1.6\">Opn\u00e5 dybere indsigt i lederskab med Executive Conscious Coaching. Vi udforsker emner som karisma, magt, indflydelse, samt forbedring af kommunikation og konflikth\u00e5ndtering. Ved at betragte mindset og adf\u00e6rd fra forskellige vinkler og perspektiver, styrker vi selvindsigten. Sammen belyser vi din v\u00e6kstproces og baner nye veje for at realisere dine ambitioner.<\/p>\n\n\n\n<div class=\"wp-block-buttons is-layout-flex wp-block-buttons-is-layout-flex\">\n<div class=\"wp-block-button has-custom-font-size is-style-outline is-style-outline--2\" style=\"font-size:14px\"><a class=\"wp-block-button__link has-text-color wp-element-button\" href=\"https:\/\/aboutgoodpeople.dk\/da\/individual-coaching\/\" style=\"border-radius:0px;color:#ca5d23\">L\u00e6s mere<\/a><\/div>\n<\/div>\n<\/div>\n<\/div>\n<\/div><\/div><\/div>\n\n\n\n<div style=\"background-color:#faede2;padding-left:10%;padding-right:10%;padding-bottom:10%;padding-top:10%\" class=\"wp-block-genesis-blocks-gb-container alignfull img_txt_layout img_right row_container gb-block-container\"><div class=\"gb-container-inside\"><div class=\"gb-container-image-wrap\"><img decoding=\"async\" class=\"gb-container-image has-background-dim-100 has-background-dim\" src=\"https:\/\/aboutgoodpeople.dk\/wp-content\/uploads\/2023\/11\/DGP_TINA_02_125@3x.webp\" alt=\"\"\/><\/div><div class=\"gb-container-content\" style=\"max-width:1366px\">\n<div class=\"wp-block-columns is-layout-flex wp-container-core-columns-is-layout-9d6595d7 wp-block-columns-is-layout-flex\">\n<div class=\"wp-block-column is-vertically-aligned-center col_txt has-background is-layout-flow wp-block-column-is-layout-flow\" style=\"background-color:#fffef9;flex-basis:66.66%\">\n<h3 class=\"wp-block-heading has-text-color\" style=\"color:#707070;font-size:2.5rem;font-style:normal;font-weight:300\">Gruppe sessions<\/h3>\n\n\n\n<p class=\"has-text-color has-large-font-size\" style=\"color:#707070;font-style:normal;font-weight:400\">Opn\u00e5 st\u00f8rre potentiale i jeres gruppe med Conscious Group Coaching, designet til moderne ledelse og mangfoldige teams.<\/p>\n\n\n\n<p class=\"has-text-color\" style=\"color:#707070;font-size:16px;line-height:1.8\">Opn\u00e5 st\u00f8rre empati og bedre kommunikation i gruppen. Styrk jeres evne til at h\u00e5ndtere st\u00f8rre transformationer og forretningsm\u00e6ssige udfordringer i virksomheden. About Good People tilbyder tilpassede programmer, der kombinerer individuelle og gruppe sessioner, og integrerer Enneagram universet i processerne. Programmet skaber v\u00e6rdifulde rammer for grupper i store forandringer, dannelse af nye teams, sammenl\u00e6gning af afdelinger, genstart af teams ved uhensigtsm\u00e6ssige dynamikker eller udvikling af allerede st\u00e6rke grupper.<\/p>\n\n\n\n<div class=\"wp-block-buttons is-layout-flex wp-block-buttons-is-layout-flex\">\n<div class=\"wp-block-button has-custom-font-size is-style-outline is-style-outline--3\" style=\"font-size:14px\"><a class=\"wp-block-button__link has-text-color wp-element-button\" href=\"https:\/\/aboutgoodpeople.dk\/da\/group-sessions\/\" style=\"border-radius:0px;color:#ca5d23\">L\u00e6s mere<\/a><\/div>\n<\/div>\n<\/div>\n\n\n\n<div class=\"wp-block-column col_img is-layout-flow wp-block-column-is-layout-flow\" style=\"flex-basis:33.33%\"><\/div>\n<\/div>\n<\/div><\/div><\/div>\n\n\n\n<div style=\"padding-left:10%;padding-right:10%;padding-bottom:10%;padding-top:10%\" class=\"wp-block-genesis-blocks-gb-container alignfull img_txt_layout img_left row_container gb-block-container\"><div class=\"gb-container-inside\"><div class=\"gb-container-image-wrap\"><img decoding=\"async\" class=\"gb-container-image has-background-dim-100 has-background-dim\" src=\"https:\/\/aboutgoodpeople.dk\/wp-content\/uploads\/2023\/11\/DGP_TINA_01_014@3x.webp\" alt=\"\"\/><\/div><div class=\"gb-container-content\" style=\"max-width:1366px\">\n<div class=\"wp-block-columns is-layout-flex wp-container-core-columns-is-layout-9d6595d7 wp-block-columns-is-layout-flex\">\n<div class=\"wp-block-column col_img is-layout-flow wp-block-column-is-layout-flow\" style=\"flex-basis:33.33%\"><\/div>\n\n\n\n<div class=\"wp-block-column is-vertically-aligned-center col_txt has-background is-layout-flow wp-block-column-is-layout-flow\" style=\"background-color:#fffef9;flex-basis:66.66%\">\n<h3 class=\"wp-block-heading has-text-color\" style=\"color:#707070;font-size:2.5rem;font-style:normal;font-weight:300\">Mentale sundheds samtaler <br>med medarbejdere<\/h3>\n\n\n\n<p class=\"has-text-color has-large-font-size\" style=\"color:#707070;font-style:normal;font-weight:400\">Flere og flere ledere har samtaler om mental sundhed med deres teams.<\/p>\n\n\n\n<p class=\"has-text-color\" style=\"color:#707070;font-size:16px;line-height:1.8\">Lederne er motiverede af gode intentioner, h\u00f8j grad af ansvarlighed samt erkendelsen af at tillid er en vigtig faktor for hvor tryg medarbejderne f\u00f8ler sig, samt den overordnede trivsel og motivationen i teamet. Men ofte oplever lederne ogs\u00e5 at dette rum kan v\u00e6re meget overv\u00e6ldende og det kan v\u00e6re sv\u00e6rt at balancere det personlige engagement med professionelle og faglige gr\u00e6nser. Dette program dykker ned i mulighederne omkring at navigere i s\u00e5danne samtaler &#8211; hvor det handler om at balancere empati, sympati og opretholde et sundt og fornuftigt ledelsesrum, der tager hensyn til b\u00e5de individet, teamet, lederen samt virksomhedens strategi og m\u00e5ls\u00e6tninger.<\/p>\n\n\n\n<div class=\"wp-block-buttons is-layout-flex wp-block-buttons-is-layout-flex\">\n<div class=\"wp-block-button has-custom-font-size is-style-outline is-style-outline--4\" style=\"font-size:14px\"><a class=\"wp-block-button__link has-text-color wp-element-button\" href=\"\/da\/mental-clarity\/\" style=\"border-radius:0px;color:#ca5d23\">L\u00e6s mere<\/a><\/div>\n<\/div>\n<\/div>\n<\/div>\n<\/div><\/div><\/div>\n","protected":false},"excerpt":{"rendered":"","protected":false},"author":1,"featured_media":0,"parent":0,"menu_order":0,"comment_status":"closed","ping_status":"closed","template":"","meta":{"_genesis_hide_title":false,"_genesis_hide_breadcrumbs":false,"_genesis_hide_singular_image":false,"_genesis_hide_footer_widgets":false,"_genesis_custom_body_class":"","_genesis_custom_post_class":"","_genesis_layout":"","footnotes":""},"class_list":{"0":"post-143","1":"page","2":"type-page","3":"status-publish","5":"entry"},"featured_image_src":null,"featured_image_src_square":null,"_links":{"self":[{"href":"https:\/\/aboutgoodpeople.dk\/da\/wp-json\/wp\/v2\/pages\/143","targetHints":{"allow":["GET"]}}],"collection":[{"href":"https:\/\/aboutgoodpeople.dk\/da\/wp-json\/wp\/v2\/pages"}],"about":[{"href":"https:\/\/aboutgoodpeople.dk\/da\/wp-json\/wp\/v2\/types\/page"}],"author":[{"embeddable":true,"href":"https:\/\/aboutgoodpeople.dk\/da\/wp-json\/wp\/v2\/users\/1"}],"replies":[{"embeddable":true,"href":"https:\/\/aboutgoodpeople.dk\/da\/wp-json\/wp\/v2\/comments?post=143"}],"version-history":[{"count":0,"href":"https:\/\/aboutgoodpeople.dk\/da\/wp-json\/wp\/v2\/pages\/143\/revisions"}],"wp:attachment":[{"href":"https:\/\/aboutgoodpeople.dk\/da\/wp-json\/wp\/v2\/media?parent=143"}],"curies":[{"name":"wp","href":"https:\/\/api.w.org\/{rel}","templated":true}]}}